{"id":318,"date":"2015-04-02T09:53:07","date_gmt":"2015-04-02T09:53:07","guid":{"rendered":"http:\/\/bestbuild.stylemixthemes.com\/demo\/?page_id=318"},"modified":"2023-08-09T14:52:31","modified_gmt":"2023-08-09T14:52:31","slug":"our-services","status":"publish","type":"page","link":"https:\/\/iceal.cl\/web\/our-services\/","title":{"rendered":"Servicios"},"content":{"rendered":"\t<div  class=\"vc_row wpb_row vc_row-fluid overflow_hidden vc_custom_1434360560849\" data-vc-full-width=\"true\" data-vc-full-width-init=\"false\" >\n\t<div class=\"vc_col-sm-12 wpb_column vc_column_container \">\n\t\t<div class=\"wpb_wrapper\">\n\t\t\t\t<div  class=\"vc_row wpb_row vc_inner vc_row-fluid vc_custom_1427699457983\">\n\t<div class=\"vc_col-sm-3 wpb_column vc_column_container  vc_custom_1430984621402\">\n\t\t<div class=\"wpb_wrapper\">\n\t\t\t<div class=\"stm_animation stm_viewport\" style=\"\" data-animate=\"fadeInUp\" data-animation-delay=\"0\" data-animation-duration=\"1\" data-viewport_position=\"90\" >\n\t\t<div class=\"icon_box icon_top clearfix\">\n\t\t\t\t\t<div class=\"icon\" style=\"height: 65px;\"><i style=\"font-size: 54px;\" class=\"stm-builder-3\"><\/i><\/div>\n\t\t\t\t<div class=\"icon_text\">\n\t\t\t\t\t\t\t<h4>OBRAS CIVILES<\/h4>\n\t\t\t\t\t\t<ul>\n<li>Movimientos de tierra<\/li>\n<li>Hormigones<\/li>\n<li>Fundaciones<\/li>\n<li>Estructuras<\/li>\n<li>Pavimentos<\/li>\n<\/ul>\n\t\t<\/div>\n\t<\/div>\n<\/div>\n\t\t<\/div> \n\t<\/div> \n\n\t<div class=\"vc_col-sm-3 wpb_column vc_column_container  vc_custom_1430984633960\">\n\t\t<div class=\"wpb_wrapper\">\n\t\t\t<div class=\"stm_animation stm_viewport\" style=\"\" data-animate=\"fadeInUp\" data-animation-delay=\"0.05\" data-animation-duration=\"1\" data-viewport_position=\"90\" >\n\t\t<div class=\"icon_box icon_top clearfix\">\n\t\t\t\t\t<div class=\"icon\" style=\"height: 65px;\"><i style=\"font-size: 55px;\" class=\"fa fa-cog\"><\/i><\/div>\n\t\t\t\t<div class=\"icon_text\">\n\t\t\t\t\t\t\t<h4>OBRAS PORTUARIAS<\/h4>\n\t\t\t\t\t\t<ul>\n<li>Tablestacas<\/li>\n<li>Hinca de pilotes<\/li>\n<li>Construcci\u00f3n de muelles<\/li>\n<li>Defensas fluviales<\/li>\n<li>Paseos costeros<\/li>\n<\/ul>\n\t\t<\/div>\n\t<\/div>\n<\/div>\n\t\t<\/div> \n\t<\/div> \n\n\t<div class=\"vc_col-sm-3 wpb_column vc_column_container  vc_custom_1430984646736\">\n\t\t<div class=\"wpb_wrapper\">\n\t\t\t<div class=\"stm_animation stm_viewport\" style=\"\" data-animate=\"fadeInUp\" data-animation-delay=\"0.1\" data-animation-duration=\"1\" data-viewport_position=\"90\" >\n\t\t<div class=\"icon_box icon_top clearfix\">\n\t\t\t\t\t<div class=\"icon\" style=\"height: 65px;\"><i style=\"font-size: 55px;\" class=\"fa fa-bars\"><\/i><\/div>\n\t\t\t\t<div class=\"icon_text\">\n\t\t\t\t\t\t\t<h4>PUENTES<\/h4>\n\t\t\t\t\t\t<ul>\n<li>Fundaciones Directas<\/li>\n<li>Cimentaciones Profundas<\/li>\n<li>Pilotes y Vigas Met\u00e1licas<\/li>\n<li>Vigas Pre y Postensadas<\/li>\n<li>Superestructuras<\/li>\n<li>Accesos<\/li>\n<\/ul>\n\t\t<\/div>\n\t<\/div>\n<\/div>\n\t\t<\/div> \n\t<\/div> \n\n\t<div class=\"vc_col-sm-3 wpb_column vc_column_container  vc_custom_1430984652744\">\n\t\t<div class=\"wpb_wrapper\">\n\t\t\t<div class=\"stm_animation stm_viewport\" style=\"\" data-animate=\"fadeInUp\" data-animation-delay=\"0.15\" data-animation-duration=\"1\" data-viewport_position=\"90\" >\n\t\t<div class=\"icon_box icon_top clearfix\">\n\t\t\t\t\t<div class=\"icon\" style=\"height: 65px;\"><i style=\"font-size: 53px;\" class=\"fa fa-child\"><\/i><\/div>\n\t\t\t\t<div class=\"icon_text\">\n\t\t\t\t\t\t\t<h4>V\u00cdAS FERREAS<\/h4>\n\t\t\t\t\t\t<ul>\n<li>Mantenciones<\/li>\n<li>Construcci\u00f3n V\u00edas Nuevas<\/li>\n<li>Puentes<\/li>\n<li>Lineas de Contacto<\/li>\n<\/ul>\n\t\t<\/div>\n\t<\/div>\n<\/div>\n\t\t<\/div> \n\t<\/div> \n<\/div>\t<div  class=\"vc_row wpb_row vc_inner vc_row-fluid\">\n\t<div class=\"vc_col-sm-3 wpb_column vc_column_container \">\n\t\t<div class=\"wpb_wrapper\">\n\t\t\t<div class=\"stm_animation stm_viewport\" style=\"\" data-animate=\"fadeInUp\" data-animation-delay=\"0.2\" data-animation-duration=\"1\" data-viewport_position=\"90\" >\n\t\t<div class=\"icon_box icon_top clearfix\">\n\t\t\t\t\t<div class=\"icon\" style=\"height: 65px;\"><i style=\"font-size: 56px;\" class=\"stm-handshake\"><\/i><\/div>\n\t\t\t\t<div class=\"icon_text\">\n\t\t\t\t\t\t\t<h4>ARRIENDO DE MAQUINARIA<\/h4>\n\t\t\t\t\t\t<ul>\n<li><span class=\"su-lightbox\" data-mfp-src=\"https:\/\/iceal.cl\/web\/wp-content\/uploads\/2023\/04\/GRUA-60T.jpeg\" data-mfp-type=\"iframe\" data-mobile=\"yes\">Gr\u00faa oruga pluma celos\u00eda 60 Ton<\/span><\/li>\n<li>Gr\u00faa sobre ruedas pluma celos\u00eda 18 Ton<\/li>\n<li>Martinete Delmag D30<\/li>\n<li>Martinete Pileco D19-42<\/li>\n<li>Vibrohincador ICE 28C (32 kg-m)<\/li>\n<li>Vibrohincador ICE 8RFB (7.5 kg-m)<\/li>\n<\/ul>\n\t\t<\/div>\n\t<\/div>\n<\/div>\n\t\t<\/div> \n\t<\/div> \n\n\t<div class=\"vc_col-sm-9 wpb_column vc_column_container \">\n\t\t<div class=\"wpb_wrapper\">\n\t\t\t<div class=\"stm_animation stm_viewport\" style=\"\" data-animate=\"fadeInUp\" data-animation-delay=\"0.25\" data-animation-duration=\"1\" data-viewport_position=\"90\" >\n\t\n<div class=\"su-custom-gallery su-custom-gallery-align-left su-custom-gallery-title-never\"><div class=\"su-custom-gallery-slide\" style=\"width:160px;height:130px\"><a><img loading=\"lazy\" decoding=\"async\" src=\"https:\/\/iceal.cl\/web\/wp-content\/uploads\/2023\/04\/VIBRO-ICE-28C-160x130.jpg\" alt=\"VIBRO HINCADOR 28C\" width=\"160\" height=\"130\" \/><span class=\"su-custom-gallery-title\">VIBRO HINCADOR 28C<\/span><\/a><\/div><div class=\"su-custom-gallery-slide\" style=\"width:160px;height:130px\"><a><img loading=\"lazy\" decoding=\"async\" src=\"https:\/\/iceal.cl\/web\/wp-content\/uploads\/2023\/04\/VIBRO-ICE-8RFB--160x130.jpg\" alt=\"VIBRO HINCADOR\" width=\"160\" height=\"130\" \/><span class=\"su-custom-gallery-title\">VIBRO HINCADOR<\/span><\/a><\/div><div class=\"su-custom-gallery-slide\" style=\"width:160px;height:130px\"><a><img loading=\"lazy\" decoding=\"async\" src=\"https:\/\/iceal.cl\/web\/wp-content\/uploads\/2023\/04\/MARTINETE-D30-160x130.jpg\" alt=\"HINCA PILOTES D3\" width=\"160\" height=\"130\" \/><span class=\"su-custom-gallery-title\">HINCA PILOTES D3<\/span><\/a><\/div><div class=\"su-custom-gallery-slide\" style=\"width:160px;height:130px\"><a><img loading=\"lazy\" decoding=\"async\" src=\"https:\/\/iceal.cl\/web\/wp-content\/uploads\/2023\/04\/MARTINETE-D19-42-160x130.jpg\" alt=\"MARTINETE D19-42\" width=\"160\" height=\"130\" \/><span class=\"su-custom-gallery-title\">MARTINETE D19-42<\/span><\/a><\/div><div class=\"su-custom-gallery-slide\" style=\"width:160px;height:130px\"><a><img loading=\"lazy\" decoding=\"async\" src=\"https:\/\/iceal.cl\/web\/wp-content\/uploads\/2023\/08\/GRUA-18TON-160x130.jpg\" alt=\"GRUA 18TON\" width=\"160\" height=\"130\" \/><span class=\"su-custom-gallery-title\">GRUA 18TON<\/span><\/a><\/div><div class=\"su-custom-gallery-slide\" style=\"width:160px;height:130px\"><a><img loading=\"lazy\" decoding=\"async\" src=\"https:\/\/iceal.cl\/web\/wp-content\/uploads\/2023\/08\/GRUA-60T-160x130.jpeg\" alt=\"GRUA 60T\" width=\"160\" height=\"130\" \/><span class=\"su-custom-gallery-title\">GRUA 60T<\/span><\/a><\/div><div class=\"su-clear\"><\/div><\/div><\/div>\n\t\t<\/div> \n\t<\/div> \n\n\t<div class=\"vc_col-sm-3 wpb_column vc_column_container \">\n\t\t<div class=\"wpb_wrapper\">\n\t\t\t<div class=\"stm_animation stm_viewport\" style=\"\" data-animate=\"fadeInUp\" data-animation-delay=\"0.30\" data-animation-duration=\"1\" data-viewport_position=\"90\" >\n\t\n<\/div>\n\t\t<\/div> \n\t<\/div> \n\n\t<div class=\"vc_col-sm-3 wpb_column vc_column_container \">\n\t\t<div class=\"wpb_wrapper\">\n\t\t\t<div class=\"stm_animation stm_viewport\" style=\"\" data-animate=\"fadeInUp\" data-animation-delay=\"0.35\" data-animation-duration=\"1\" data-viewport_position=\"90\" >\n\t\n<\/div>\n\t\t<\/div> \n\t<\/div> \n<\/div>\n\t\t<\/div> \n\t<\/div> \n<\/div><div class=\"vc_row-full-width\"><\/div>\n","protected":false},"excerpt":{"rendered":"OBRAS CIVILES Movimientos de tierra Hormigones Fundaciones Estructuras Pavimentos OBRAS PORTUARIAS Tablestacas Hinca de pilotes Construcci\u00f3n de muelles Defensas fluviales Paseos costeros PUENTES Fundaciones Directas Cimentaciones Profundas Pilotes y Vigas Met\u00e1licas Vigas Pre y Postensadas Superestructuras Accesos V\u00cdAS FERREAS Mantenciones Construcci\u00f3n V\u00edas Nuevas Puentes Lineas de Contacto ARRIENDO DE MAQUINARIA Gr\u00faa oruga pluma celos\u00eda 60","protected":false},"author":1,"featured_media":0,"parent":0,"menu_order":0,"comment_status":"closed","ping_status":"closed","template":"","meta":{"footnotes":""},"class_list":["post-318","page","type-page","status-publish","hentry"],"_links":{"self":[{"href":"https:\/\/iceal.cl\/web\/wp-json\/wp\/v2\/pages\/318"}],"collection":[{"href":"https:\/\/iceal.cl\/web\/wp-json\/wp\/v2\/pages"}],"about":[{"href":"https:\/\/iceal.cl\/web\/wp-json\/wp\/v2\/types\/page"}],"author":[{"embeddable":true,"href":"https:\/\/iceal.cl\/web\/wp-json\/wp\/v2\/users\/1"}],"replies":[{"embeddable":true,"href":"https:\/\/iceal.cl\/web\/wp-json\/wp\/v2\/comments?post=318"}],"version-history":[{"count":20,"href":"https:\/\/iceal.cl\/web\/wp-json\/wp\/v2\/pages\/318\/revisions"}],"predecessor-version":[{"id":2367,"href":"https:\/\/iceal.cl\/web\/wp-json\/wp\/v2\/pages\/318\/revisions\/2367"}],"wp:attachment":[{"href":"https:\/\/iceal.cl\/web\/wp-json\/wp\/v2\/media?parent=318"}],"curies":[{"name":"wp","href":"https:\/\/api.w.org\/{rel}","templated":true}]}}