{"id":446,"date":"2015-04-14T06:55:55","date_gmt":"2015-04-14T06:55:55","guid":{"rendered":"http:\/\/bestbuild.stylemixthemes.com\/demo\/?page_id=446"},"modified":"2024-10-03T19:33:45","modified_gmt":"2024-10-03T19:33:45","slug":"about-us","status":"publish","type":"page","link":"https:\/\/iceal.cl\/web\/about-us\/","title":{"rendered":"Qui\u00e9nes Somos"},"content":{"rendered":"\t<div  class=\"vc_row wpb_row vc_row-fluid\">\n\t<div class=\"vc_col-sm-6 wpb_column vc_column_container \">\n\t\t<div class=\"wpb_wrapper\">\n\t\t\t\n\t<div class=\"wpb_text_column wpb_content_element \">\n\t\t<div class=\"wpb_wrapper\">\n\t\t\t<p style=\"text-align: justify;\"><strong>HISTORIA:<\/strong><\/p>\n<p style=\"text-align: justify;\">La Empresa <strong>\u201cIngenier\u00eda y Construcci\u00f3n Eduardo Arancibia SpA.\u201d, ICEAL SpA.<\/strong>, inicia sus actividades a fines de la d\u00e9cada de los ochenta, enfocada principalmente a Obras Ferroviarias, como una continuaci\u00f3n y consolidaci\u00f3n del negocio familiar emprendido a mediados del siglo pasado. Dicha tradici\u00f3n y experiencia ha permitido a la fecha mantener sus actividades en este rubro junto con adem\u00e1s diversificar su accionar hacia otras actividades como Obras Viales, Obras Portuarias, Prestaci\u00f3n de Servicios Industriales y Obras de Mantenci\u00f3n en General.<\/p>\n<p style=\"text-align: justify;\"><strong>VISI\u00d3N:<\/strong><\/p>\n<p style=\"text-align: justify;\">\u201cSer una empresa reconocida a nivel pa\u00eds por su eficiencia y calidad en el \u00e1mbito de la construcci\u00f3n, mantenci\u00f3n y reparaci\u00f3n de infraestructuras viales, portuarias, ferroviarias y prestaci\u00f3n de servicios industriales, logrando en el largo plazo, tanto para los intereses de la empresa, como para quienes forman parte de su organizaci\u00f3n, un alto y \u00f3ptimo nivel de desarrollo sostenido\u201d.<\/p>\n<p style=\"text-align: justify;\"><strong>MISI\u00d3N:<\/strong><\/p>\n<ul class=\"type_2\">\n<li style=\"text-align: justify;\">Proveer Servicios de Ingenier\u00eda y Construcci\u00f3n enmarcados dentro de nuestro Sistema de Gesti\u00f3n de Calidad y consecuente con los requerimientos a nivel pa\u00eds.<\/li>\n<li style=\"text-align: justify;\">Desarrollar ventajas competitivas que sustenten en forma rentable y cuidadosa el crecimiento de nuestra actividad comercial, privilegiando el desarrollo y bienestar de nuestro recurso humano.<\/li>\n<li style=\"text-align: justify;\">Enmarcar todas nuestras actividades productivas en valores fundamentales de honorabilidad, \u00e9tica, seriedad en los negocios y protecci\u00f3n del medio ambiente, como factor determinante del \u00e9xito.<\/li>\n<\/ul>\n\n\t\t<\/div> \n\t<\/div> \n\t\t<\/div> \n\t<\/div> \n\n\t<div class=\"vc_col-sm-6 wpb_column vc_column_container \">\n\t\t<div class=\"wpb_wrapper\">\n\t\t\t\n\t<div class=\"wpb_gallery wpb_content_element  vc_custom_1461354907118 vc_clearfix\">\n\t\t<div class=\"wpb_wrapper\"><h5> <\/h5><div class=\"wpb_gallery_slides wpb_image_grid\" data-interval=\"3\"><ul class=\"wpb_image_grid_ul\"><li class=\"isotope-item\"><a class=\"prettyphoto\" href=\"https:\/\/iceal.cl\/web\/wp-content\/uploads\/2015\/04\/certificacion-746x1024.jpg\" rel=\"prettyPhoto[rel-446-358567026]\"><img loading=\"lazy\" decoding=\"async\" width=\"219\" height=\"300\" src=\"https:\/\/iceal.cl\/web\/wp-content\/uploads\/2015\/04\/certificacion-219x300.jpg\" class=\"attachment-medium\" alt=\"\" srcset=\"https:\/\/iceal.cl\/web\/wp-content\/uploads\/2015\/04\/certificacion-219x300.jpg 219w, https:\/\/iceal.cl\/web\/wp-content\/uploads\/2015\/04\/certificacion-746x1024.jpg 746w\" sizes=\"(max-width: 219px) 100vw, 219px\" \/><\/a><\/li><\/ul><\/div>\n\t\t<\/div> \n\t<\/div> \n\t<div class=\"wpb_gallery wpb_content_element  vc_custom_1461355385930 vc_clearfix\">\n\t\t<div class=\"wpb_wrapper\"><div class=\"wpb_gallery_slides wpb_image_grid\" data-interval=\"3\"><ul class=\"wpb_image_grid_ul\"><li class=\"isotope-item\"><a class=\"prettyphoto\" href=\"https:\/\/iceal.cl\/web\/wp-content\/uploads\/2015\/04\/oficina.jpg\" rel=\"prettyPhoto[rel-446-2141762373]\"><img loading=\"lazy\" decoding=\"async\" width=\"150\" height=\"150\" src=\"https:\/\/iceal.cl\/web\/wp-content\/uploads\/2015\/04\/oficina-150x150.jpg\" class=\"attachment-thumbnail\" alt=\"\" srcset=\"https:\/\/iceal.cl\/web\/wp-content\/uploads\/2015\/04\/oficina-150x150.jpg 150w, https:\/\/iceal.cl\/web\/wp-content\/uploads\/2015\/04\/oficina-86x86.jpg 86w\" sizes=\"(max-width: 150px) 100vw, 150px\" \/><\/a><\/li><\/ul><\/div>\n\t\t<\/div> \n\t<\/div> \n\t\t<\/div> \n\t<\/div> \n<\/div>\n\n","protected":false},"excerpt":{"rendered":"HISTORIA: La Empresa \u201cIngenier\u00eda y Construcci\u00f3n Eduardo Arancibia SpA.\u201d, ICEAL SpA., inicia sus actividades a fines de la d\u00e9cada de los ochenta, enfocada principalmente a Obras Ferroviarias, como una continuaci\u00f3n y consolidaci\u00f3n del negocio familiar emprendido a mediados del siglo pasado. Dicha tradici\u00f3n y experiencia ha permitido a la fecha mantener sus actividades en este","protected":false},"author":1,"featured_media":0,"parent":0,"menu_order":0,"comment_status":"closed","ping_status":"closed","template":"","meta":{"footnotes":""},"class_list":["post-446","page","type-page","status-publish","hentry"],"_links":{"self":[{"href":"https:\/\/iceal.cl\/web\/wp-json\/wp\/v2\/pages\/446"}],"collection":[{"href":"https:\/\/iceal.cl\/web\/wp-json\/wp\/v2\/pages"}],"about":[{"href":"https:\/\/iceal.cl\/web\/wp-json\/wp\/v2\/types\/page"}],"author":[{"embeddable":true,"href":"https:\/\/iceal.cl\/web\/wp-json\/wp\/v2\/users\/1"}],"replies":[{"embeddable":true,"href":"https:\/\/iceal.cl\/web\/wp-json\/wp\/v2\/comments?post=446"}],"version-history":[{"count":20,"href":"https:\/\/iceal.cl\/web\/wp-json\/wp\/v2\/pages\/446\/revisions"}],"predecessor-version":[{"id":2466,"href":"https:\/\/iceal.cl\/web\/wp-json\/wp\/v2\/pages\/446\/revisions\/2466"}],"wp:attachment":[{"href":"https:\/\/iceal.cl\/web\/wp-json\/wp\/v2\/media?parent=446"}],"curies":[{"name":"wp","href":"https:\/\/api.w.org\/{rel}","templated":true}]}}